{"id":85,"date":"2021-01-13T10:08:47","date_gmt":"2021-01-13T09:08:47","guid":{"rendered":"https:\/\/nordmedien.nordkurier-digital.de\/?page_id=85"},"modified":"2025-06-23T16:30:51","modified_gmt":"2025-06-23T14:30:51","slug":"ueber-uns","status":"publish","type":"page","link":"https:\/\/www.nordkurier-mediengruppe.de\/en\/ueber-uns\/","title":{"rendered":"About us"},"content":{"rendered":"<div data-elementor-type=\"wp-page\" data-elementor-id=\"85\" class=\"elementor elementor-85\" data-elementor-post-type=\"page\">\n\t\t\t\t\t\t<section class=\"elementor-section elementor-top-section elementor-element elementor-element-7faf6f2 elementor-section-full_width elementor-section-height-default elementor-section-height-default\" data-id=\"7faf6f2\" data-element_type=\"section\" data-e-type=\"section\" data-settings=\"{&quot;background_background&quot;:&quot;classic&quot;}\">\n\t\t\t\t\t\t<div class=\"elementor-container elementor-column-gap-default\">\n\t\t\t\t\t<div class=\"elementor-column elementor-col-50 elementor-top-column elementor-element elementor-element-8798efe\" data-id=\"8798efe\" data-element_type=\"column\" data-e-type=\"column\">\n\t\t\t<div class=\"elementor-widget-wrap elementor-element-populated\">\n\t\t\t\t\t\t<div class=\"elementor-element elementor-element-db5a652 elementor-widget-divider--view-line_text elementor-widget-divider--element-align-right elementor-widget elementor-widget-divider\" data-id=\"db5a652\" data-element_type=\"widget\" data-e-type=\"widget\" data-widget_type=\"divider.default\">\n\t\t\t\t<div class=\"elementor-widget-container\">\n\t\t\t\t\t\t\t<div class=\"elementor-divider\">\n\t\t\t<span class=\"elementor-divider-separator\">\n\t\t\t\t\t\t\t<span class=\"elementor-divider__text elementor-divider__element\">\n\t\t\t\tNordkurier Mediengruppe as part of the SV Gruppe\t\t\t\t<\/span>\n\t\t\t\t\t\t<\/span>\n\t\t<\/div>\n\t\t\t\t\t\t<\/div>\n\t\t\t\t<\/div>\n\t\t\t\t<div class=\"elementor-element elementor-element-ba2dec7 elementor-widget elementor-widget-heading\" data-id=\"ba2dec7\" data-element_type=\"widget\" data-e-type=\"widget\" data-widget_type=\"heading.default\">\n\t\t\t\t<div class=\"elementor-widget-container\">\n\t\t\t\t\t<h1 class=\"elementor-heading-title elementor-size-default\">About us<\/h1>\t\t\t\t<\/div>\n\t\t\t\t<\/div>\n\t\t\t\t<div class=\"elementor-element elementor-element-08a617a elementor-widget elementor-widget-heading\" data-id=\"08a617a\" data-element_type=\"widget\" data-e-type=\"widget\" data-widget_type=\"heading.default\">\n\t\t\t\t<div class=\"elementor-widget-container\">\n\t\t\t\t\t<h2 class=\"elementor-heading-title elementor-size-default\">On site with you<\/h2>\t\t\t\t<\/div>\n\t\t\t\t<\/div>\n\t\t\t\t<div class=\"elementor-element elementor-element-adccce6 elementor-widget elementor-widget-text-editor\" data-id=\"adccce6\" data-element_type=\"widget\" data-e-type=\"widget\" data-widget_type=\"text-editor.default\">\n\t\t\t\t<div class=\"elementor-widget-container\">\n\t\t\t\t\t\t\t\t\t<p>Die Nordkurier Mediengruppe geh\u00f6rt zur SV Gruppe \u2013 Schw\u00e4bischer Verlag GmbH &amp; Co KG Drexler, Gessler \u2013 mit Sitz in Ravensburg: Die SV Gruppe besch\u00e4ftigt mehr als 4.000 sozialversicherungspflichtige sowie rund 5.000 geringf\u00fcgig Besch\u00e4ftigte in etwa 120 Tochter- und Enkelunternehmen sowie 20 weiteren Beteiligungen. Zur Gruppe geh\u00f6ren mehr als 100 Standorte in 8 Bundesl\u00e4ndern. Das Unternehmen deckt die gesamte Bandbreite der Medien und mediennahen Dienstleistungen ab und setzt inhaltlich auf regionale und lokale Informationen.<\/p><p>Kernprodukte sind der &#8222;Nordkurier&#8220; und die \u201eSchw\u00e4bische Zeitung\u201c sowie die Titel &#8222;Schweriner Volkszeitung&#8220;, &#8222;Uckermark Kurier&#8220; und &#8222;Der Prignitzer&#8220;, &#8222;Norddeutsche Neueste Nachrichten&#8220; und &#8222;Vorpommern Kurier&#8220;, &#8222;Zollern-Alb-Kurier&#8220; mit einer t\u00e4glich verkauften Auflage von deutlich \u00fcber 200.000 Exemplaren. Hinzu kommen mehr als 40.000 E-Paper-Abos und reichweitenstarke Online-Portale mit \u00fcber 60 Millionen Visits im Monat sowie diverse Kommunal- und Special-Interest-Medien, Kommunikations- sowie logistische Dienstleistungen.<\/p>\t\t\t\t\t\t\t\t<\/div>\n\t\t\t\t<\/div>\n\t\t\t\t<section class=\"elementor-section elementor-inner-section elementor-element elementor-element-52104ab elementor-section-boxed elementor-section-height-default elementor-section-height-default\" data-id=\"52104ab\" data-element_type=\"section\" data-e-type=\"section\">\n\t\t\t\t\t\t<div class=\"elementor-container elementor-column-gap-default\">\n\t\t\t\t\t<div class=\"elementor-column elementor-col-50 elementor-inner-column elementor-element elementor-element-303ddaa\" data-id=\"303ddaa\" data-element_type=\"column\" data-e-type=\"column\">\n\t\t\t<div class=\"elementor-widget-wrap elementor-element-populated\">\n\t\t\t\t\t\t<div class=\"elementor-element elementor-element-c3bed9a elementor-widget elementor-widget-button\" data-id=\"c3bed9a\" data-element_type=\"widget\" data-e-type=\"widget\" data-widget_type=\"button.default\">\n\t\t\t\t<div class=\"elementor-widget-container\">\n\t\t\t\t\t\t\t\t\t<div class=\"elementor-button-wrapper\">\n\t\t\t\t\t<a class=\"elementor-button elementor-button-link elementor-size-sm\" href=\"https:\/\/svgruppe.de\/\" target=\"_blank\" rel=\"noopener\">\n\t\t\t\t\t\t<span class=\"elementor-button-content-wrapper\">\n\t\t\t\t\t\t\t\t\t<span class=\"elementor-button-text\">Website SV Gruppe<\/span>\n\t\t\t\t\t<\/span>\n\t\t\t\t\t<\/a>\n\t\t\t\t<\/div>\n\t\t\t\t\t\t\t\t<\/div>\n\t\t\t\t<\/div>\n\t\t\t\t\t<\/div>\n\t\t<\/div>\n\t\t\t\t<div class=\"elementor-column elementor-col-50 elementor-inner-column elementor-element elementor-element-ba98b3b\" data-id=\"ba98b3b\" data-element_type=\"column\" data-e-type=\"column\">\n\t\t\t<div class=\"elementor-widget-wrap elementor-element-populated\">\n\t\t\t\t\t\t<div class=\"elementor-element elementor-element-a9fc2bb elementor-widget elementor-widget-image\" data-id=\"a9fc2bb\" data-element_type=\"widget\" data-e-type=\"widget\" data-widget_type=\"image.default\">\n\t\t\t\t<div class=\"elementor-widget-container\">\n\t\t\t\t\t\t\t\t\t\t\t\t\t\t\t<img fetchpriority=\"high\" decoding=\"async\" width=\"800\" height=\"160\" src=\"https:\/\/www.nordkurier-mediengruppe.de\/wp-content\/uploads\/2022\/03\/Logo_SV_Gruppe_4C_145mm-1024x205.jpg\" class=\"attachment-large size-large wp-image-17092\" alt=\"\" srcset=\"https:\/\/www.nordkurier-mediengruppe.de\/wp-content\/uploads\/2022\/03\/Logo_SV_Gruppe_4C_145mm-1024x205.jpg 1024w, https:\/\/www.nordkurier-mediengruppe.de\/wp-content\/uploads\/2022\/03\/Logo_SV_Gruppe_4C_145mm-300x60.jpg 300w, https:\/\/www.nordkurier-mediengruppe.de\/wp-content\/uploads\/2022\/03\/Logo_SV_Gruppe_4C_145mm-768x154.jpg 768w, https:\/\/www.nordkurier-mediengruppe.de\/wp-content\/uploads\/2022\/03\/Logo_SV_Gruppe_4C_145mm-1536x307.jpg 1536w, https:\/\/www.nordkurier-mediengruppe.de\/wp-content\/uploads\/2022\/03\/Logo_SV_Gruppe_4C_145mm-18x4.jpg 18w, https:\/\/www.nordkurier-mediengruppe.de\/wp-content\/uploads\/2022\/03\/Logo_SV_Gruppe_4C_145mm.jpg 1699w\" sizes=\"(max-width: 800px) 100vw, 800px\" \/>\t\t\t\t\t\t\t\t\t\t\t\t\t\t\t<\/div>\n\t\t\t\t<\/div>\n\t\t\t\t\t<\/div>\n\t\t<\/div>\n\t\t\t\t\t<\/div>\n\t\t<\/section>\n\t\t\t\t\t<\/div>\n\t\t<\/div>\n\t\t\t\t<div class=\"elementor-column elementor-col-50 elementor-top-column elementor-element elementor-element-5c8c104\" data-id=\"5c8c104\" data-element_type=\"column\" data-e-type=\"column\" data-settings=\"{&quot;background_background&quot;:&quot;classic&quot;}\">\n\t\t\t<div class=\"elementor-widget-wrap elementor-element-populated\">\n\t\t\t\t\t\t<div class=\"elementor-element elementor-element-198dc70 elementor-widget elementor-widget-spacer\" data-id=\"198dc70\" data-element_type=\"widget\" data-e-type=\"widget\" data-widget_type=\"spacer.default\">\n\t\t\t\t<div class=\"elementor-widget-container\">\n\t\t\t\t\t\t\t<div class=\"elementor-spacer\">\n\t\t\t<div class=\"elementor-spacer-inner\"><\/div>\n\t\t<\/div>\n\t\t\t\t\t\t<\/div>\n\t\t\t\t<\/div>\n\t\t\t\t\t<\/div>\n\t\t<\/div>\n\t\t\t\t\t<\/div>\n\t\t<\/section>\n\t\t\t\t<section class=\"elementor-section elementor-top-section elementor-element elementor-element-08a4996 elementor-section-full_width elementor-section-height-default elementor-section-height-default\" data-id=\"08a4996\" data-element_type=\"section\" data-e-type=\"section\" data-settings=\"{&quot;background_background&quot;:&quot;classic&quot;}\">\n\t\t\t\t\t\t<div class=\"elementor-container elementor-column-gap-default\">\n\t\t\t\t\t<div class=\"elementor-column elementor-col-50 elementor-top-column elementor-element elementor-element-d4a4da6\" data-id=\"d4a4da6\" data-element_type=\"column\" data-e-type=\"column\" data-settings=\"{&quot;background_background&quot;:&quot;classic&quot;}\">\n\t\t\t<div class=\"elementor-widget-wrap elementor-element-populated\">\n\t\t\t\t\t\t<div class=\"elementor-element elementor-element-bfd38b0 elementor-widget elementor-widget-spacer\" data-id=\"bfd38b0\" data-element_type=\"widget\" data-e-type=\"widget\" data-widget_type=\"spacer.default\">\n\t\t\t\t<div class=\"elementor-widget-container\">\n\t\t\t\t\t\t\t<div class=\"elementor-spacer\">\n\t\t\t<div class=\"elementor-spacer-inner\"><\/div>\n\t\t<\/div>\n\t\t\t\t\t\t<\/div>\n\t\t\t\t<\/div>\n\t\t\t\t\t<\/div>\n\t\t<\/div>\n\t\t\t\t<div class=\"elementor-column elementor-col-50 elementor-top-column elementor-element elementor-element-072aa6b\" data-id=\"072aa6b\" data-element_type=\"column\" data-e-type=\"column\">\n\t\t\t<div class=\"elementor-widget-wrap elementor-element-populated\">\n\t\t\t\t\t\t<div class=\"elementor-element elementor-element-798e3d0 elementor-widget elementor-widget-heading\" data-id=\"798e3d0\" data-element_type=\"widget\" data-e-type=\"widget\" data-widget_type=\"heading.default\">\n\t\t\t\t<div class=\"elementor-widget-container\">\n\t\t\t\t\t<h2 class=\"elementor-heading-title elementor-size-default\">Business areas and products <\/h2>\t\t\t\t<\/div>\n\t\t\t\t<\/div>\n\t\t\t\t<div class=\"elementor-element elementor-element-09c7ebd elementor-widget elementor-widget-text-editor\" data-id=\"09c7ebd\" data-element_type=\"widget\" data-e-type=\"widget\" data-widget_type=\"text-editor.default\">\n\t\t\t\t<div class=\"elementor-widget-container\">\n\t\t\t\t\t\t\t\t\t<p>The Nordkurier Mediengruppe is your media group in northeast Germany. As a modern and innovative company, we handle media, logistics and business.<\/p><p>Wir bieten Medienprodukte wie die NewsApp, das E-Paper und das Reichweitenportal nordkurier.de an, aber auch Zeitungen, Magazine, B\u00fccher\u00a0 sowie Dienstleistungen in den Bereichen Logistik, Brief- und Paketservice, E-Commerce, Fulfillment, Druck, Tourismus, Vermarktung, Marketing &amp; Kreativdienstleistungen, Arbeits- und Datenschutz, Catering und Events an. Bekannt sind unsere Marken: Nordkurier, Uckermark Kurier, Schweriner Volkszeitung, Der Prignitzer und Norddeutsche Neueste Nachrichten, Nordkurier Brief + Paket, good-stock, Eurotape, mecklenbook und meckpomm.de.<\/p>\t\t\t\t\t\t\t\t<\/div>\n\t\t\t\t<\/div>\n\t\t\t\t<div class=\"elementor-element elementor-element-eddd4f3 elementor-widget elementor-widget-button\" data-id=\"eddd4f3\" data-element_type=\"widget\" data-e-type=\"widget\" data-widget_type=\"button.default\">\n\t\t\t\t<div class=\"elementor-widget-container\">\n\t\t\t\t\t\t\t\t\t<div class=\"elementor-button-wrapper\">\n\t\t\t\t\t<a class=\"elementor-button elementor-button-link elementor-size-sm\" href=\"\/en\/geschaeftsfelder\/\">\n\t\t\t\t\t\t<span class=\"elementor-button-content-wrapper\">\n\t\t\t\t\t\t\t\t\t<span class=\"elementor-button-text\">Business areas<\/span>\n\t\t\t\t\t<\/span>\n\t\t\t\t\t<\/a>\n\t\t\t\t<\/div>\n\t\t\t\t\t\t\t\t<\/div>\n\t\t\t\t<\/div>\n\t\t\t\t\t<\/div>\n\t\t<\/div>\n\t\t\t\t\t<\/div>\n\t\t<\/section>\n\t\t\t\t<section class=\"elementor-section elementor-top-section elementor-element elementor-element-6923070 elementor-section-full_width elementor-reverse-mobile elementor-section-height-default elementor-section-height-default\" data-id=\"6923070\" data-element_type=\"section\" data-e-type=\"section\" data-settings=\"{&quot;background_background&quot;:&quot;classic&quot;}\">\n\t\t\t\t\t\t<div class=\"elementor-container elementor-column-gap-default\">\n\t\t\t\t\t<div class=\"elementor-column elementor-col-50 elementor-top-column elementor-element elementor-element-8a18b49\" data-id=\"8a18b49\" data-element_type=\"column\" data-e-type=\"column\">\n\t\t\t<div class=\"elementor-widget-wrap elementor-element-populated\">\n\t\t\t\t\t\t<div class=\"elementor-element elementor-element-8d2f74c elementor-widget elementor-widget-spacer\" data-id=\"8d2f74c\" data-element_type=\"widget\" data-e-type=\"widget\" data-widget_type=\"spacer.default\">\n\t\t\t\t<div class=\"elementor-widget-container\">\n\t\t\t\t\t\t\t<div class=\"elementor-spacer\">\n\t\t\t<div class=\"elementor-spacer-inner\"><\/div>\n\t\t<\/div>\n\t\t\t\t\t\t<\/div>\n\t\t\t\t<\/div>\n\t\t\t\t<div class=\"elementor-element elementor-element-adb14b3 elementor-widget elementor-widget-heading\" data-id=\"adb14b3\" data-element_type=\"widget\" data-e-type=\"widget\" data-widget_type=\"heading.default\">\n\t\t\t\t<div class=\"elementor-widget-container\">\n\t\t\t\t\t<h2 class=\"elementor-heading-title elementor-size-default\">Regional employer <\/h2>\t\t\t\t<\/div>\n\t\t\t\t<\/div>\n\t\t\t\t<div class=\"elementor-element elementor-element-feeddb1 elementor-widget elementor-widget-text-editor\" data-id=\"feeddb1\" data-element_type=\"widget\" data-e-type=\"widget\" data-widget_type=\"text-editor.default\">\n\t\t\t\t<div class=\"elementor-widget-container\">\n\t\t\t\t\t\t\t\t\t<div class=\"qodef-section-title-holder qodef-st-standard qodef-st-title-left qodef-st-normal-space\"><div class=\"qodef-st-inner\"><p class=\"qodef-st-text\">The Nordkurier Mediengruppe has its headquarters in Neubrandenburg (Mecklenburg-Western Pomerania).<\/p><p class=\"qodef-st-text\">An unseren insgesamt \u00fcber 60 Standorten in Mecklenburg-Vorpommern, Berlin und Brandenburg besch\u00e4ftigen wir mehr als 2.000 Mitarbeiterinnen und Mitarbeiter und z\u00e4hlen damit\u00a0 zu den gr\u00f6\u00dften Arbeitgebern Mecklenburg-Vorpommerns.<\/p><\/div><\/div>\t\t\t\t\t\t\t\t<\/div>\n\t\t\t\t<\/div>\n\t\t\t\t<div class=\"elementor-element elementor-element-b6bf766 elementor-widget elementor-widget-button\" data-id=\"b6bf766\" data-element_type=\"widget\" data-e-type=\"widget\" data-widget_type=\"button.default\">\n\t\t\t\t<div class=\"elementor-widget-container\">\n\t\t\t\t\t\t\t\t\t<div class=\"elementor-button-wrapper\">\n\t\t\t\t\t<a class=\"elementor-button elementor-button-link elementor-size-sm\" href=\"\/en\/geschaeftsfelder\/\">\n\t\t\t\t\t\t<span class=\"elementor-button-content-wrapper\">\n\t\t\t\t\t\t\t\t\t<span class=\"elementor-button-text\">Job advertisements<\/span>\n\t\t\t\t\t<\/span>\n\t\t\t\t\t<\/a>\n\t\t\t\t<\/div>\n\t\t\t\t\t\t\t\t<\/div>\n\t\t\t\t<\/div>\n\t\t\t\t<div class=\"elementor-element elementor-element-5de8842 elementor-widget elementor-widget-spacer\" data-id=\"5de8842\" data-element_type=\"widget\" data-e-type=\"widget\" data-widget_type=\"spacer.default\">\n\t\t\t\t<div class=\"elementor-widget-container\">\n\t\t\t\t\t\t\t<div class=\"elementor-spacer\">\n\t\t\t<div class=\"elementor-spacer-inner\"><\/div>\n\t\t<\/div>\n\t\t\t\t\t\t<\/div>\n\t\t\t\t<\/div>\n\t\t\t\t\t<\/div>\n\t\t<\/div>\n\t\t\t\t<div class=\"elementor-column elementor-col-50 elementor-top-column elementor-element elementor-element-15ec763\" data-id=\"15ec763\" data-element_type=\"column\" data-e-type=\"column\" data-settings=\"{&quot;background_background&quot;:&quot;classic&quot;}\">\n\t\t\t<div class=\"elementor-widget-wrap elementor-element-populated\">\n\t\t\t\t\t\t<div class=\"elementor-element elementor-element-ecd1d6b elementor-widget elementor-widget-spacer\" data-id=\"ecd1d6b\" data-element_type=\"widget\" data-e-type=\"widget\" data-widget_type=\"spacer.default\">\n\t\t\t\t<div class=\"elementor-widget-container\">\n\t\t\t\t\t\t\t<div class=\"elementor-spacer\">\n\t\t\t<div class=\"elementor-spacer-inner\"><\/div>\n\t\t<\/div>\n\t\t\t\t\t\t<\/div>\n\t\t\t\t<\/div>\n\t\t\t\t\t<\/div>\n\t\t<\/div>\n\t\t\t\t\t<\/div>\n\t\t<\/section>\n\t\t\t\t<section class=\"elementor-section elementor-top-section elementor-element elementor-element-7e420f3 elementor-section-full_width elementor-section-height-default elementor-section-height-default\" data-id=\"7e420f3\" data-element_type=\"section\" data-e-type=\"section\">\n\t\t\t\t\t\t<div class=\"elementor-container elementor-column-gap-default\">\n\t\t\t\t\t<div class=\"elementor-column elementor-col-50 elementor-top-column elementor-element elementor-element-273f05e\" data-id=\"273f05e\" data-element_type=\"column\" data-e-type=\"column\" data-settings=\"{&quot;background_background&quot;:&quot;classic&quot;}\">\n\t\t\t<div class=\"elementor-widget-wrap elementor-element-populated\">\n\t\t\t\t\t\t<div class=\"elementor-element elementor-element-18d2c76 elementor-widget elementor-widget-spacer\" data-id=\"18d2c76\" data-element_type=\"widget\" data-e-type=\"widget\" data-widget_type=\"spacer.default\">\n\t\t\t\t<div class=\"elementor-widget-container\">\n\t\t\t\t\t\t\t<div class=\"elementor-spacer\">\n\t\t\t<div class=\"elementor-spacer-inner\"><\/div>\n\t\t<\/div>\n\t\t\t\t\t\t<\/div>\n\t\t\t\t<\/div>\n\t\t\t\t\t<\/div>\n\t\t<\/div>\n\t\t\t\t<div class=\"elementor-column elementor-col-50 elementor-top-column elementor-element elementor-element-fd55fd9\" data-id=\"fd55fd9\" data-element_type=\"column\" data-e-type=\"column\">\n\t\t\t<div class=\"elementor-widget-wrap elementor-element-populated\">\n\t\t\t\t\t\t<div class=\"elementor-element elementor-element-0b5bfd8 elementor-widget elementor-widget-spacer\" data-id=\"0b5bfd8\" data-element_type=\"widget\" data-e-type=\"widget\" data-widget_type=\"spacer.default\">\n\t\t\t\t<div class=\"elementor-widget-container\">\n\t\t\t\t\t\t\t<div class=\"elementor-spacer\">\n\t\t\t<div class=\"elementor-spacer-inner\"><\/div>\n\t\t<\/div>\n\t\t\t\t\t\t<\/div>\n\t\t\t\t<\/div>\n\t\t\t\t<div class=\"elementor-element elementor-element-9db816d elementor-widget elementor-widget-heading\" data-id=\"9db816d\" data-element_type=\"widget\" data-e-type=\"widget\" data-widget_type=\"heading.default\">\n\t\t\t\t<div class=\"elementor-widget-container\">\n\t\t\t\t\t<h2 class=\"elementor-heading-title elementor-size-default\">Commitment<\/h2>\t\t\t\t<\/div>\n\t\t\t\t<\/div>\n\t\t\t\t<div class=\"elementor-element elementor-element-d67194f elementor-widget elementor-widget-text-editor\" data-id=\"d67194f\" data-element_type=\"widget\" data-e-type=\"widget\" data-widget_type=\"text-editor.default\">\n\t\t\t\t<div class=\"elementor-widget-container\">\n\t\t\t\t\t\t\t\t\t<div class=\"qodef-section-title-holder qodef-st-standard qodef-st-title-left qodef-st-normal-space\"><div class=\"qodef-st-inner\"><p class=\"qodef-st-text\">The Nordkurier Mediengruppe has been active in the region in various ways for many years.<\/p><\/div><\/div><div class=\"qodef-section-title-holder qodef-st-standard qodef-st-title-left qodef-st-normal-space\"><div class=\"qodef-st-inner\"><p class=\"qodef-st-text\">So unterst\u00fctzen, f\u00f6rdern und initiieren wir mithilfe des &#8222;<a href=\"https:\/\/www.dzi.de\/organisation\/leserhilfswerk-nordkurier-e-v\/\" target=\"_blank\" rel=\"noopener\">Leserhilfswerk Nordkurier e.V.<\/a>&#8220; oder der &#8222;<a href=\"https:\/\/www.nordkurier-fuereinander.de\/\" target=\"_blank\" rel=\"noopener\">Nordkurier F\u00fcreinander<\/a>&#8220; gGmbH beispielsweise Projekte und Veranstaltungen im Bereich Soziales, Kultur und regionale Entwicklung.<\/p><\/div><\/div>\t\t\t\t\t\t\t\t<\/div>\n\t\t\t\t<\/div>\n\t\t\t\t<div class=\"elementor-element elementor-element-877e621 elementor-widget elementor-widget-button\" data-id=\"877e621\" data-element_type=\"widget\" data-e-type=\"widget\" data-widget_type=\"button.default\">\n\t\t\t\t<div class=\"elementor-widget-container\">\n\t\t\t\t\t\t\t\t\t<div class=\"elementor-button-wrapper\">\n\t\t\t\t\t<a class=\"elementor-button elementor-button-link elementor-size-sm\" href=\"\/en\/geschaeftsfelder\/\">\n\t\t\t\t\t\t<span class=\"elementor-button-content-wrapper\">\n\t\t\t\t\t\t\t\t\t<span class=\"elementor-button-text\">Read more<\/span>\n\t\t\t\t\t<\/span>\n\t\t\t\t\t<\/a>\n\t\t\t\t<\/div>\n\t\t\t\t\t\t\t\t<\/div>\n\t\t\t\t<\/div>\n\t\t\t\t<div class=\"elementor-element elementor-element-efdebc3 elementor-widget elementor-widget-spacer\" data-id=\"efdebc3\" data-element_type=\"widget\" data-e-type=\"widget\" data-widget_type=\"spacer.default\">\n\t\t\t\t<div class=\"elementor-widget-container\">\n\t\t\t\t\t\t\t<div class=\"elementor-spacer\">\n\t\t\t<div class=\"elementor-spacer-inner\"><\/div>\n\t\t<\/div>\n\t\t\t\t\t\t<\/div>\n\t\t\t\t<\/div>\n\t\t\t\t\t<\/div>\n\t\t<\/div>\n\t\t\t\t\t<\/div>\n\t\t<\/section>\n\t\t\t\t<\/div>","protected":false},"excerpt":{"rendered":"<p>Nordkurier Mediengruppe in der SV Gruppe \u00dcber uns Bei Ihnen vor Ort Die Nordkurier Mediengruppe geh\u00f6rt zur SV Gruppe \u2013 Schw\u00e4bischer Verlag GmbH &amp; Co KG Drexler, Gessler \u2013 mit Sitz in Ravensburg: Die SV Gruppe besch\u00e4ftigt mehr als 4.000 sozialversicherungspflichtige sowie rund 5.000 geringf\u00fcgig Besch\u00e4ftigte in etwa 120 Tochter- und Enkelunternehmen sowie 20 weiteren [&hellip;]<\/p>\n","protected":false},"author":3,"featured_media":0,"parent":0,"menu_order":0,"comment_status":"closed","ping_status":"closed","template":"elementor_header_footer","meta":{"footnotes":""},"class_list":["post-85","page","type-page","status-publish","hentry"],"_links":{"self":[{"href":"https:\/\/www.nordkurier-mediengruppe.de\/en\/wp-json\/wp\/v2\/pages\/85","targetHints":{"allow":["GET"]}}],"collection":[{"href":"https:\/\/www.nordkurier-mediengruppe.de\/en\/wp-json\/wp\/v2\/pages"}],"about":[{"href":"https:\/\/www.nordkurier-mediengruppe.de\/en\/wp-json\/wp\/v2\/types\/page"}],"author":[{"embeddable":true,"href":"https:\/\/www.nordkurier-mediengruppe.de\/en\/wp-json\/wp\/v2\/users\/3"}],"replies":[{"embeddable":true,"href":"https:\/\/www.nordkurier-mediengruppe.de\/en\/wp-json\/wp\/v2\/comments?post=85"}],"version-history":[{"count":5,"href":"https:\/\/www.nordkurier-mediengruppe.de\/en\/wp-json\/wp\/v2\/pages\/85\/revisions"}],"predecessor-version":[{"id":18409,"href":"https:\/\/www.nordkurier-mediengruppe.de\/en\/wp-json\/wp\/v2\/pages\/85\/revisions\/18409"}],"wp:attachment":[{"href":"https:\/\/www.nordkurier-mediengruppe.de\/en\/wp-json\/wp\/v2\/media?parent=85"}],"curies":[{"name":"wp","href":"https:\/\/api.w.org\/{rel}","templated":true}]}}